{"id":3276,"date":"2021-08-03T11:01:12","date_gmt":"2021-08-03T09:01:12","guid":{"rendered":"https:\/\/www.fws.it\/charaktere\/"},"modified":"2022-01-10T10:59:27","modified_gmt":"2022-01-10T09:59:27","slug":"charaktere","status":"publish","type":"page","link":"https:\/\/fws.it\/it\/charaktere\/","title":{"rendered":"Protagonisti"},"content":{"rendered":"","protected":false},"excerpt":{"rendered":"","protected":false},"author":1,"featured_media":0,"parent":0,"menu_order":2,"comment_status":"closed","ping_status":"closed","template":"template-charaktere.php","meta":{"_acf_changed":false,"footnotes":""},"class_list":["post-3276","page","type-page","status-publish","hentry"],"acf":[],"yoast_head":"<!-- This site is optimized with the Yoast SEO plugin v27.0 - https:\/\/yoast.com\/product\/yoast-seo-wordpress\/ -->\n<title>La forza della diversit\u00e0 | Viticoltori indipendenti dell&#039;Alto Adige<\/title>\n<meta name=\"description\" content=\"I viticoltori si impegnano per la qualit\u00e0 e la diversit\u00e0. Potete aspettarvi dei vini contemporanei con il mantenimento della tradizione altoatesina.\" \/>\n<meta name=\"robots\" content=\"index, follow, max-snippet:-1, max-image-preview:large, max-video-preview:-1\" \/>\n<link rel=\"canonical\" href=\"https:\/\/fws.it\/it\/charaktere\/\" \/>\n<meta property=\"og:locale\" content=\"it_IT\" \/>\n<meta property=\"og:type\" content=\"article\" \/>\n<meta property=\"og:title\" content=\"La forza della diversit\u00e0 | Viticoltori indipendenti dell&#039;Alto Adige\" \/>\n<meta property=\"og:description\" content=\"I viticoltori si impegnano per la qualit\u00e0 e la diversit\u00e0. Potete aspettarvi dei vini contemporanei con il mantenimento della tradizione altoatesina.\" \/>\n<meta property=\"og:url\" content=\"https:\/\/fws.it\/it\/charaktere\/\" \/>\n<meta property=\"og:site_name\" content=\"Freie Weinbauern S\u00fcdtirol\" \/>\n<meta property=\"article:modified_time\" content=\"2022-01-10T09:59:27+00:00\" \/>\n<meta name=\"twitter:card\" content=\"summary_large_image\" \/>\n<script type=\"application\/ld+json\" class=\"yoast-schema-graph\">{\"@context\":\"https:\/\/schema.org\",\"@graph\":[{\"@type\":\"WebPage\",\"@id\":\"https:\/\/fws.it\/it\/charaktere\/\",\"url\":\"https:\/\/fws.it\/it\/charaktere\/\",\"name\":\"La forza della diversit\u00e0 | Viticoltori indipendenti dell'Alto Adige\",\"isPartOf\":{\"@id\":\"https:\/\/fws.it\/it\/#website\"},\"datePublished\":\"2021-08-03T09:01:12+00:00\",\"dateModified\":\"2022-01-10T09:59:27+00:00\",\"description\":\"I viticoltori si impegnano per la qualit\u00e0 e la diversit\u00e0. Potete aspettarvi dei vini contemporanei con il mantenimento della tradizione altoatesina.\",\"inLanguage\":\"it-IT\",\"potentialAction\":[{\"@type\":\"ReadAction\",\"target\":[\"https:\/\/fws.it\/it\/charaktere\/\"]}]},{\"@type\":\"WebSite\",\"@id\":\"https:\/\/fws.it\/it\/#website\",\"url\":\"https:\/\/fws.it\/it\/\",\"name\":\"Freie Weinbauern S\u00fcdtirol\",\"description\":\"fws.it\",\"potentialAction\":[{\"@type\":\"SearchAction\",\"target\":{\"@type\":\"EntryPoint\",\"urlTemplate\":\"https:\/\/fws.it\/it\/?s={search_term_string}\"},\"query-input\":{\"@type\":\"PropertyValueSpecification\",\"valueRequired\":true,\"valueName\":\"search_term_string\"}}],\"inLanguage\":\"it-IT\"}]}<\/script>\n<!-- \/ Yoast SEO plugin. -->","yoast_head_json":{"title":"La forza della diversit\u00e0 | Viticoltori indipendenti dell'Alto Adige","description":"I viticoltori si impegnano per la qualit\u00e0 e la diversit\u00e0. Potete aspettarvi dei vini contemporanei con il mantenimento della tradizione altoatesina.","robots":{"index":"index","follow":"follow","max-snippet":"max-snippet:-1","max-image-preview":"max-image-preview:large","max-video-preview":"max-video-preview:-1"},"canonical":"https:\/\/fws.it\/it\/charaktere\/","og_locale":"it_IT","og_type":"article","og_title":"La forza della diversit\u00e0 | Viticoltori indipendenti dell'Alto Adige","og_description":"I viticoltori si impegnano per la qualit\u00e0 e la diversit\u00e0. Potete aspettarvi dei vini contemporanei con il mantenimento della tradizione altoatesina.","og_url":"https:\/\/fws.it\/it\/charaktere\/","og_site_name":"Freie Weinbauern S\u00fcdtirol","article_modified_time":"2022-01-10T09:59:27+00:00","twitter_card":"summary_large_image","schema":{"@context":"https:\/\/schema.org","@graph":[{"@type":"WebPage","@id":"https:\/\/fws.it\/it\/charaktere\/","url":"https:\/\/fws.it\/it\/charaktere\/","name":"La forza della diversit\u00e0 | Viticoltori indipendenti dell'Alto Adige","isPartOf":{"@id":"https:\/\/fws.it\/it\/#website"},"datePublished":"2021-08-03T09:01:12+00:00","dateModified":"2022-01-10T09:59:27+00:00","description":"I viticoltori si impegnano per la qualit\u00e0 e la diversit\u00e0. Potete aspettarvi dei vini contemporanei con il mantenimento della tradizione altoatesina.","inLanguage":"it-IT","potentialAction":[{"@type":"ReadAction","target":["https:\/\/fws.it\/it\/charaktere\/"]}]},{"@type":"WebSite","@id":"https:\/\/fws.it\/it\/#website","url":"https:\/\/fws.it\/it\/","name":"Freie Weinbauern S\u00fcdtirol","description":"fws.it","potentialAction":[{"@type":"SearchAction","target":{"@type":"EntryPoint","urlTemplate":"https:\/\/fws.it\/it\/?s={search_term_string}"},"query-input":{"@type":"PropertyValueSpecification","valueRequired":true,"valueName":"search_term_string"}}],"inLanguage":"it-IT"}]}},"jetpack_sharing_enabled":true,"_links":{"self":[{"href":"https:\/\/fws.it\/it\/wp-json\/wp\/v2\/pages\/3276","targetHints":{"allow":["GET"]}}],"collection":[{"href":"https:\/\/fws.it\/it\/wp-json\/wp\/v2\/pages"}],"about":[{"href":"https:\/\/fws.it\/it\/wp-json\/wp\/v2\/types\/page"}],"author":[{"embeddable":true,"href":"https:\/\/fws.it\/it\/wp-json\/wp\/v2\/users\/1"}],"replies":[{"embeddable":true,"href":"https:\/\/fws.it\/it\/wp-json\/wp\/v2\/comments?post=3276"}],"version-history":[{"count":2,"href":"https:\/\/fws.it\/it\/wp-json\/wp\/v2\/pages\/3276\/revisions"}],"predecessor-version":[{"id":3299,"href":"https:\/\/fws.it\/it\/wp-json\/wp\/v2\/pages\/3276\/revisions\/3299"}],"wp:attachment":[{"href":"https:\/\/fws.it\/it\/wp-json\/wp\/v2\/media?parent=3276"}],"curies":[{"name":"wp","href":"https:\/\/api.w.org\/{rel}","templated":true}]}}